{"id":10270,"date":"2023-01-16T11:16:39","date_gmt":"2023-01-16T09:16:39","guid":{"rendered":"https:\/\/www.carglorieux.be\/?page_id=10270"},"modified":"2025-05-08T09:06:56","modified_gmt":"2025-05-08T07:06:56","slug":"bedankt-aanmelden","status":"publish","type":"page","link":"https:\/\/www.carglorieux.be\/nl\/bedankt-aanmelden\/","title":{"rendered":"Bedankt aanmelden"},"content":{"rendered":"<h3>Bedankt voor uw aanmelding<\/h3>\n<p>U ontvangt binnenkort een bevestiging via e-mail.<\/p>\n<p>Mocht u nog vragen hebben, verwijzen we graag naar onze website waar u veel informatie over het CAR Glorieux en onze werking kan terugvinden. U kan ook steeds contact opnemen via e-mail <strong>nok@werken-glorieux.be<\/strong> of telefoon <strong>055\/23 34 40.<\/strong><\/p>\n<h3>Merci pour votre inscription<\/h3>\n<p>Vous recevrez rapidement une confirmation par e-mail.<\/p>\n<p>Si vous avez des questions, veuillez vous r\u00e9f\u00e9rer \u00e0 notre site web o\u00f9 vous trouverez de nombreuses informations sur CAR Glorieux et notre fonctionnement. Vous pouvez aussi toujours nous contacter par e-mail <strong>nok@werken-glorieux.be<\/strong> ou par t\u00e9l\u00e9phone au <strong>055\/23 34 40.<\/strong><\/p>\n<p>&nbsp;<\/p>\n","protected":false},"excerpt":{"rendered":"<p>Bedankt voor uw aanmelding U ontvangt binnenkort een bevestiging via e-mail. Mocht u nog vragen hebben, verwijzen we graag naar&#8230;<\/p>\n","protected":false},"author":1,"featured_media":10362,"parent":0,"menu_order":0,"comment_status":"closed","ping_status":"closed","template":"templates\/without-sidebar-page.php","meta":{"_acf_changed":false,"_relevanssi_hide_post":"","_relevanssi_hide_content":"","_relevanssi_pin_for_all":"","_relevanssi_pin_keywords":"","_relevanssi_unpin_keywords":"","_relevanssi_related_keywords":"","_relevanssi_related_include_ids":"","_relevanssi_related_exclude_ids":"","_relevanssi_related_no_append":"","_relevanssi_related_not_related":"","_relevanssi_related_posts":"","_relevanssi_noindex_reason":"Yoast SEO Relevanssi index exclude","inline_featured_image":false,"footnotes":"","_links_to":"","_links_to_target":""},"class_list":["post-10270","page","type-page","status-publish","has-post-thumbnail","hentry"],"acf":[],"yoast_head":"<!-- This site is optimized with the Yoast SEO plugin v27.0 - https:\/\/yoast.com\/product\/yoast-seo-wordpress\/ -->\n<title>Bedankt aanmelden - CarGlorieux<\/title>\n<meta name=\"robots\" content=\"noindex, nofollow\" \/>\n<meta property=\"og:locale\" content=\"nl_NL\" \/>\n<meta property=\"og:type\" content=\"article\" \/>\n<meta property=\"og:title\" content=\"Bedankt aanmelden - CarGlorieux\" \/>\n<meta property=\"og:description\" content=\"Bedankt voor uw aanmelding U ontvangt binnenkort een bevestiging via e-mail. Mocht u nog vragen hebben, verwijzen we graag naar...\" \/>\n<meta property=\"og:url\" content=\"https:\/\/www.carglorieux.be\/nl\/bedankt-aanmelden\/\" \/>\n<meta property=\"og:site_name\" content=\"CarGlorieux\" \/>\n<meta property=\"article:publisher\" content=\"https:\/\/www.facebook.com\/profile.php?id=100087157230213\" \/>\n<meta property=\"article:modified_time\" content=\"2025-05-08T07:06:56+00:00\" \/>\n<meta property=\"og:image\" content=\"https:\/\/www.carglorieux.be\/wp-content\/uploads\/2023\/01\/thanks-1804597_1920.jpg\" \/>\n\t<meta property=\"og:image:width\" content=\"1920\" \/>\n\t<meta property=\"og:image:height\" content=\"1284\" \/>\n\t<meta property=\"og:image:type\" content=\"image\/jpeg\" \/>\n<meta name=\"twitter:card\" content=\"summary_large_image\" \/>\n<meta name=\"twitter:label1\" content=\"Geschatte leestijd\" \/>\n\t<meta name=\"twitter:data1\" content=\"1 minuut\" \/>\n<!-- \/ Yoast SEO plugin. -->","yoast_head_json":{"title":"Bedankt aanmelden - CarGlorieux","robots":{"index":"noindex","follow":"nofollow"},"og_locale":"nl_NL","og_type":"article","og_title":"Bedankt aanmelden - CarGlorieux","og_description":"Bedankt voor uw aanmelding U ontvangt binnenkort een bevestiging via e-mail. Mocht u nog vragen hebben, verwijzen we graag naar...","og_url":"https:\/\/www.carglorieux.be\/nl\/bedankt-aanmelden\/","og_site_name":"CarGlorieux","article_publisher":"https:\/\/www.facebook.com\/profile.php?id=100087157230213","article_modified_time":"2025-05-08T07:06:56+00:00","og_image":[{"width":1920,"height":1284,"url":"https:\/\/www.carglorieux.be\/wp-content\/uploads\/2023\/01\/thanks-1804597_1920.jpg","type":"image\/jpeg"}],"twitter_card":"summary_large_image","twitter_misc":{"Geschatte leestijd":"1 minuut"},"schema":{"@context":"https:\/\/schema.org","@graph":[{"@type":"WebPage","@id":"https:\/\/www.carglorieux.be\/nl\/bedankt-aanmelden\/","url":"https:\/\/www.carglorieux.be\/nl\/bedankt-aanmelden\/","name":"Bedankt aanmelden - CarGlorieux","isPartOf":{"@id":"https:\/\/www.carglorieux.be\/nl\/#website"},"primaryImageOfPage":{"@id":"https:\/\/www.carglorieux.be\/nl\/bedankt-aanmelden\/#primaryimage"},"image":{"@id":"https:\/\/www.carglorieux.be\/nl\/bedankt-aanmelden\/#primaryimage"},"thumbnailUrl":"https:\/\/www.carglorieux.be\/wp-content\/uploads\/2023\/01\/thanks-1804597_1920.jpg","datePublished":"2023-01-16T09:16:39+00:00","dateModified":"2025-05-08T07:06:56+00:00","breadcrumb":{"@id":"https:\/\/www.carglorieux.be\/nl\/bedankt-aanmelden\/#breadcrumb"},"inLanguage":"nl-NL","potentialAction":[{"@type":"ReadAction","target":["https:\/\/www.carglorieux.be\/nl\/bedankt-aanmelden\/"]}]},{"@type":"ImageObject","inLanguage":"nl-NL","@id":"https:\/\/www.carglorieux.be\/nl\/bedankt-aanmelden\/#primaryimage","url":"https:\/\/www.carglorieux.be\/wp-content\/uploads\/2023\/01\/thanks-1804597_1920.jpg","contentUrl":"https:\/\/www.carglorieux.be\/wp-content\/uploads\/2023\/01\/thanks-1804597_1920.jpg","width":1920,"height":1284},{"@type":"BreadcrumbList","@id":"https:\/\/www.carglorieux.be\/nl\/bedankt-aanmelden\/#breadcrumb","itemListElement":[{"@type":"ListItem","position":1,"name":"Home","item":"https:\/\/www.carglorieux.be\/nl\/"},{"@type":"ListItem","position":2,"name":"Bedankt aanmelden"}]},{"@type":"WebSite","@id":"https:\/\/www.carglorieux.be\/nl\/#website","url":"https:\/\/www.carglorieux.be\/nl\/","name":"Car Glorieux","description":"","publisher":{"@id":"https:\/\/www.carglorieux.be\/nl\/#organization"},"alternateName":"Het Centrum voor Ambulante Revalidatie (C.A.R.) Glorieux","potentialAction":[{"@type":"SearchAction","target":{"@type":"EntryPoint","urlTemplate":"https:\/\/www.carglorieux.be\/nl\/?s={search_term_string}"},"query-input":{"@type":"PropertyValueSpecification","valueRequired":true,"valueName":"search_term_string"}}],"inLanguage":"nl-NL"},{"@type":"Organization","@id":"https:\/\/www.carglorieux.be\/nl\/#organization","name":"Car Glorieux","alternateName":"Het Centrum voor Ambulante Revalidatie (C.A.R.) Glorieux","url":"https:\/\/www.carglorieux.be\/nl\/","logo":{"@type":"ImageObject","inLanguage":"nl-NL","@id":"https:\/\/www.carglorieux.be\/nl\/#\/schema\/logo\/image\/","url":"https:\/\/www.carglorieux.be\/wp-content\/uploads\/2022\/11\/logo-afbeelding.png","contentUrl":"https:\/\/www.carglorieux.be\/wp-content\/uploads\/2022\/11\/logo-afbeelding.png","width":1537,"height":350,"caption":"Car Glorieux"},"image":{"@id":"https:\/\/www.carglorieux.be\/nl\/#\/schema\/logo\/image\/"},"sameAs":["https:\/\/www.facebook.com\/profile.php?id=100087157230213","https:\/\/www.facebook.com\/NOK.logopedischedienst"]}]}},"_links":{"self":[{"href":"https:\/\/www.carglorieux.be\/nl\/wp-json\/wp\/v2\/pages\/10270","targetHints":{"allow":["GET"]}}],"collection":[{"href":"https:\/\/www.carglorieux.be\/nl\/wp-json\/wp\/v2\/pages"}],"about":[{"href":"https:\/\/www.carglorieux.be\/nl\/wp-json\/wp\/v2\/types\/page"}],"author":[{"embeddable":true,"href":"https:\/\/www.carglorieux.be\/nl\/wp-json\/wp\/v2\/users\/1"}],"replies":[{"embeddable":true,"href":"https:\/\/www.carglorieux.be\/nl\/wp-json\/wp\/v2\/comments?post=10270"}],"version-history":[{"count":9,"href":"https:\/\/www.carglorieux.be\/nl\/wp-json\/wp\/v2\/pages\/10270\/revisions"}],"predecessor-version":[{"id":11431,"href":"https:\/\/www.carglorieux.be\/nl\/wp-json\/wp\/v2\/pages\/10270\/revisions\/11431"}],"wp:featuredmedia":[{"embeddable":true,"href":"https:\/\/www.carglorieux.be\/nl\/wp-json\/wp\/v2\/media\/10362"}],"wp:attachment":[{"href":"https:\/\/www.carglorieux.be\/nl\/wp-json\/wp\/v2\/media?parent=10270"}],"curies":[{"name":"wp","href":"https:\/\/api.w.org\/{rel}","templated":true}]}}