{"id":9623,"date":"2023-07-04T15:03:05","date_gmt":"2023-07-04T13:03:05","guid":{"rendered":"https:\/\/www.carglorieux.be\/?page_id=9623"},"modified":"2023-07-04T15:03:19","modified_gmt":"2023-07-04T13:03:19","slug":"acces-et-stationnement","status":"publish","type":"page","link":"https:\/\/www.carglorieux.be\/fr\/acces-et-stationnement\/","title":{"rendered":"Acc\u00e8s et stationnement"},"content":{"rendered":"<h3><strong>Situation g\u00e9ographique et accessibilit\u00e9<\/strong><\/h3>\n<p>Le AZ Glorieux est situ\u00e9 Glorieuxlaan 55, Renaix.<\/p>\n<p><iframe loading=\"lazy\" style=\"border: 0;\" tabindex=\"0\" src=\"https:\/\/www.google.com\/maps\/embed?pb=!1m18!1m12!1m3!1d2524.1260388406567!2d3.599013715742448!3d50.754696579518516!2m3!1f0!2f0!3f0!3m2!1i1024!2i768!4f13.1!3m3!1m2!1s0x47c31ad34c4aaf13%3A0x74b3dcdca04e599a!2sStefaan-Modest%20Glorieuxlaan%2055%2C%209600%20Ronse!5e0!3m2!1snl!2sbe!4v1585403941482!5m2!1snl!2sbe\" width=\"600\" height=\"450\" frameborder=\"0\" allowfullscreen=\"allowfullscreen\" aria-hidden=\"false\"><\/iframe><\/p>\n<h3><strong>COORDONN\u00c9ES GPS\u00a0:<\/strong><\/h3>\n<p>50\u00b045\u201916.908\u201d \/ 3\u00b036\u20194.328\u2019\u2019<\/p>\n<p>Parking<br \/>\nVous pouvez vous garer sur le parking AZ Glorieux. Par les routes d&rsquo;acc\u00e8s principales \u00e0 Renaix, suivez les panneaux. Aux barri\u00e8res, prenez un ticket de parking. Vous pouvez obtenir un ticket de sortie gratuit \u00e0 la r\u00e9ception du CAR Glorieux.<\/p>\n<p>Entr\u00e9e<br \/>\nLe CAR Glorieux dispose d&rsquo;une entr\u00e9e s\u00e9par\u00e9e. Elle est situ\u00e9e \u00e0 droite de l&rsquo;entr\u00e9e principale de l&rsquo;h\u00f4pital.<\/p>\n<p>Les transports en commun<br \/>\nVous pouvez nous rejoindre par les transports en commun en utilisant le belbus ou le r\u00e9seau urbain De Lijn. Toutes les 30 minutes : Ligne 73 : station &#8211; arr\u00eat Hogerlucht (campus de Glorieux, avec arr\u00eat \u00e0 l&rsquo;entr\u00e9e principale).<\/p>\n","protected":false},"excerpt":{"rendered":"<p>Situation g\u00e9ographique et accessibilit\u00e9 Le AZ Glorieux est situ\u00e9 Glorieuxlaan 55, Renaix. COORDONN\u00c9ES GPS\u00a0: 50\u00b045\u201916.908\u201d \/ 3\u00b036\u20194.328\u2019\u2019 Parking Vous pouvez&#8230;<\/p>\n","protected":false},"author":1,"featured_media":9416,"parent":0,"menu_order":0,"comment_status":"closed","ping_status":"closed","template":"","meta":{"_acf_changed":false,"_relevanssi_hide_post":"","_relevanssi_hide_content":"","_relevanssi_pin_for_all":"","_relevanssi_pin_keywords":"","_relevanssi_unpin_keywords":"","_relevanssi_related_keywords":"","_relevanssi_related_include_ids":"","_relevanssi_related_exclude_ids":"","_relevanssi_related_no_append":"","_relevanssi_related_not_related":"","_relevanssi_related_posts":"","_relevanssi_noindex_reason":"","inline_featured_image":false,"footnotes":"","_links_to":"","_links_to_target":""},"class_list":["post-9623","page","type-page","status-publish","has-post-thumbnail","hentry"],"acf":[],"yoast_head":"<!-- This site is optimized with the Yoast SEO plugin v27.0 - https:\/\/yoast.com\/product\/yoast-seo-wordpress\/ -->\n<title>Acc\u00e8s et stationnement - C.A.R. Glorieux<\/title>\n<meta name=\"robots\" content=\"index, follow, max-snippet:-1, max-image-preview:large, max-video-preview:-1\" \/>\n<meta property=\"og:locale\" content=\"fr_FR\" \/>\n<meta property=\"og:type\" content=\"article\" \/>\n<meta property=\"og:title\" content=\"Acc\u00e8s et stationnement - C.A.R. Glorieux\" \/>\n<meta property=\"og:description\" content=\"Situation g\u00e9ographique et accessibilit\u00e9 Le AZ Glorieux est situ\u00e9 Glorieuxlaan 55, Renaix. COORDONN\u00c9ES GPS\u00a0: 50\u00b045\u201916.908\u201d \/ 3\u00b036\u20194.328\u2019\u2019 Parking Vous pouvez...\" \/>\n<meta property=\"og:url\" content=\"https:\/\/www.carglorieux.be\/fr\/acces-et-stationnement\/\" \/>\n<meta property=\"og:site_name\" content=\"C.A.R. Glorieux\" \/>\n<meta property=\"article:publisher\" content=\"https:\/\/www.facebook.com\/profile.php?id=100087157230213\" \/>\n<meta property=\"article:modified_time\" content=\"2023-07-04T13:03:19+00:00\" \/>\n<meta property=\"og:image\" content=\"https:\/\/www.carglorieux.be\/wp-content\/uploads\/2022\/12\/header_nok.jpg\" \/>\n\t<meta property=\"og:image:width\" content=\"880\" \/>\n\t<meta property=\"og:image:height\" content=\"200\" \/>\n\t<meta property=\"og:image:type\" content=\"image\/jpeg\" \/>\n<meta name=\"twitter:card\" content=\"summary_large_image\" \/>\n<meta name=\"twitter:label1\" content=\"Dur\u00e9e de lecture estim\u00e9e\" \/>\n\t<meta name=\"twitter:data1\" content=\"1 minute\" \/>\n<!-- \/ Yoast SEO plugin. -->","yoast_head_json":{"title":"Acc\u00e8s et stationnement - C.A.R. Glorieux","robots":{"index":"index","follow":"follow","max-snippet":"max-snippet:-1","max-image-preview":"max-image-preview:large","max-video-preview":"max-video-preview:-1"},"og_locale":"fr_FR","og_type":"article","og_title":"Acc\u00e8s et stationnement - C.A.R. Glorieux","og_description":"Situation g\u00e9ographique et accessibilit\u00e9 Le AZ Glorieux est situ\u00e9 Glorieuxlaan 55, Renaix. COORDONN\u00c9ES GPS\u00a0: 50\u00b045\u201916.908\u201d \/ 3\u00b036\u20194.328\u2019\u2019 Parking Vous pouvez...","og_url":"https:\/\/www.carglorieux.be\/fr\/acces-et-stationnement\/","og_site_name":"C.A.R. Glorieux","article_publisher":"https:\/\/www.facebook.com\/profile.php?id=100087157230213","article_modified_time":"2023-07-04T13:03:19+00:00","og_image":[{"width":880,"height":200,"url":"https:\/\/www.carglorieux.be\/wp-content\/uploads\/2022\/12\/header_nok.jpg","type":"image\/jpeg"}],"twitter_card":"summary_large_image","twitter_misc":{"Dur\u00e9e de lecture estim\u00e9e":"1 minute"},"schema":{"@context":"https:\/\/schema.org","@graph":[{"@type":"WebPage","@id":"https:\/\/www.carglorieux.be\/fr\/acces-et-stationnement\/","url":"https:\/\/www.carglorieux.be\/fr\/acces-et-stationnement\/","name":"Acc\u00e8s et stationnement - C.A.R. Glorieux","isPartOf":{"@id":"https:\/\/www.carglorieux.be\/fr\/#website"},"primaryImageOfPage":{"@id":"https:\/\/www.carglorieux.be\/fr\/acces-et-stationnement\/#primaryimage"},"image":{"@id":"https:\/\/www.carglorieux.be\/fr\/acces-et-stationnement\/#primaryimage"},"thumbnailUrl":"https:\/\/www.carglorieux.be\/wp-content\/uploads\/2022\/12\/header_nok.jpg","datePublished":"2023-07-04T13:03:05+00:00","dateModified":"2023-07-04T13:03:19+00:00","breadcrumb":{"@id":"https:\/\/www.carglorieux.be\/fr\/acces-et-stationnement\/#breadcrumb"},"inLanguage":"fr-FR","potentialAction":[{"@type":"ReadAction","target":["https:\/\/www.carglorieux.be\/fr\/acces-et-stationnement\/"]}]},{"@type":"ImageObject","inLanguage":"fr-FR","@id":"https:\/\/www.carglorieux.be\/fr\/acces-et-stationnement\/#primaryimage","url":"https:\/\/www.carglorieux.be\/wp-content\/uploads\/2022\/12\/header_nok.jpg","contentUrl":"https:\/\/www.carglorieux.be\/wp-content\/uploads\/2022\/12\/header_nok.jpg","width":880,"height":200},{"@type":"BreadcrumbList","@id":"https:\/\/www.carglorieux.be\/fr\/acces-et-stationnement\/#breadcrumb","itemListElement":[{"@type":"ListItem","position":1,"name":"Home","item":"https:\/\/www.carglorieux.be\/fr\/"},{"@type":"ListItem","position":2,"name":"Acc\u00e8s et stationnement"}]},{"@type":"WebSite","@id":"https:\/\/www.carglorieux.be\/fr\/#website","url":"https:\/\/www.carglorieux.be\/fr\/","name":"Car Glorieux","description":"","publisher":{"@id":"https:\/\/www.carglorieux.be\/fr\/#organization"},"alternateName":"Het Centrum voor Ambulante Revalidatie (C.A.R.) Glorieux","potentialAction":[{"@type":"SearchAction","target":{"@type":"EntryPoint","urlTemplate":"https:\/\/www.carglorieux.be\/fr\/?s={search_term_string}"},"query-input":{"@type":"PropertyValueSpecification","valueRequired":true,"valueName":"search_term_string"}}],"inLanguage":"fr-FR"},{"@type":"Organization","@id":"https:\/\/www.carglorieux.be\/fr\/#organization","name":"Car Glorieux","alternateName":"Het Centrum voor Ambulante Revalidatie (C.A.R.) Glorieux","url":"https:\/\/www.carglorieux.be\/fr\/","logo":{"@type":"ImageObject","inLanguage":"fr-FR","@id":"https:\/\/www.carglorieux.be\/fr\/#\/schema\/logo\/image\/","url":"https:\/\/www.carglorieux.be\/wp-content\/uploads\/2022\/11\/logo-afbeelding.png","contentUrl":"https:\/\/www.carglorieux.be\/wp-content\/uploads\/2022\/11\/logo-afbeelding.png","width":1537,"height":350,"caption":"Car Glorieux"},"image":{"@id":"https:\/\/www.carglorieux.be\/fr\/#\/schema\/logo\/image\/"},"sameAs":["https:\/\/www.facebook.com\/profile.php?id=100087157230213","https:\/\/www.facebook.com\/NOK.logopedischedienst"]}]}},"_links":{"self":[{"href":"https:\/\/www.carglorieux.be\/fr\/wp-json\/wp\/v2\/pages\/9623","targetHints":{"allow":["GET"]}}],"collection":[{"href":"https:\/\/www.carglorieux.be\/fr\/wp-json\/wp\/v2\/pages"}],"about":[{"href":"https:\/\/www.carglorieux.be\/fr\/wp-json\/wp\/v2\/types\/page"}],"author":[{"embeddable":true,"href":"https:\/\/www.carglorieux.be\/fr\/wp-json\/wp\/v2\/users\/1"}],"replies":[{"embeddable":true,"href":"https:\/\/www.carglorieux.be\/fr\/wp-json\/wp\/v2\/comments?post=9623"}],"version-history":[{"count":3,"href":"https:\/\/www.carglorieux.be\/fr\/wp-json\/wp\/v2\/pages\/9623\/revisions"}],"predecessor-version":[{"id":10669,"href":"https:\/\/www.carglorieux.be\/fr\/wp-json\/wp\/v2\/pages\/9623\/revisions\/10669"}],"wp:featuredmedia":[{"embeddable":true,"href":"https:\/\/www.carglorieux.be\/fr\/wp-json\/wp\/v2\/media\/9416"}],"wp:attachment":[{"href":"https:\/\/www.carglorieux.be\/fr\/wp-json\/wp\/v2\/media?parent=9623"}],"curies":[{"name":"wp","href":"https:\/\/api.w.org\/{rel}","templated":true}]}}