{"id":10609,"date":"2023-02-09T16:52:06","date_gmt":"2023-02-09T14:52:06","guid":{"rendered":"https:\/\/www.carglorieux.be\/?page_id=10609"},"modified":"2023-02-09T16:52:06","modified_gmt":"2023-02-09T14:52:06","slug":"plan-du-site","status":"publish","type":"page","link":"https:\/\/www.carglorieux.be\/fr\/plan-du-site\/","title":{"rendered":"Plan du site"},"content":{"rendered":"<div class=\"wsp-container\"><h2 class=\"wsp-pages-title\">Pages<\/h2>\n<ul class=\"wsp-pages-list\">\n<li class=\"page_item page-item-10595 page_item_has_children\"><a href=\"https:\/\/www.carglorieux.be\/fr\/a-propos-de-car-glorieux\/\">A propos du CAR<\/a>\n<ul class='children'>\n\t<li class=\"page_item page-item-10597\"><a href=\"https:\/\/www.carglorieux.be\/fr\/a-propos-de-car-glorieux\/histoire\/\">Historique<\/a><\/li>\n\t<li class=\"page_item page-item-10601\"><a href=\"https:\/\/www.carglorieux.be\/fr\/a-propos-de-car-glorieux\/mission-et-vision\/\">Mission, vision et valeurs fondamentales<\/a><\/li>\n\t<li class=\"page_item page-item-10599\"><a href=\"https:\/\/www.carglorieux.be\/fr\/a-propos-de-car-glorieux\/rapports-annuels-et-politiques\/\">Rapports annuels &#038; plans d&rsquo;action<\/a><\/li>\n\t<li class=\"page_item page-item-10603\"><a href=\"https:\/\/www.carglorieux.be\/fr\/a-propos-de-car-glorieux\/equipe\/\">Team<\/a><\/li>\n<\/ul>\n<\/li>\n<li class=\"page_item page-item-9623\"><a href=\"https:\/\/www.carglorieux.be\/fr\/acces-et-stationnement\/\">Acc\u00e8s et stationnement<\/a><\/li>\n<li class=\"page_item page-item-10524\"><a href=\"https:\/\/www.carglorieux.be\/fr\/accessibilite\/\">Accessibilit\u00e9<\/a><\/li>\n<li class=\"page_item page-item-10573\"><a href=\"https:\/\/www.carglorieux.be\/fr\/\">Accueil<\/a><\/li>\n<li class=\"page_item page-item-10520\"><a href=\"https:\/\/www.carglorieux.be\/fr\/bedankt-aanmelden\/\">Bedankt aanmelden<\/a><\/li>\n<li class=\"page_item page-item-10531 page_item_has_children\"><a href=\"https:\/\/www.carglorieux.be\/fr\/c-a-r-glorieux\/\">CAR Glorieux<\/a>\n<ul class='children'>\n\t<li class=\"page_item page-item-10540\"><a href=\"https:\/\/www.carglorieux.be\/fr\/c-a-r-glorieux\/begaiement\/\">B\u00e9gaiement<\/a><\/li>\n\t<li class=\"page_item page-item-10538\"><a href=\"https:\/\/www.carglorieux.be\/fr\/c-a-r-glorieux\/trouble-du-developpement-complexe\/\">Probl\u00e8mes complexes de d\u00e9veloppement dans deux domaines ou plus<\/a><\/li>\n\t<li class=\"page_item page-item-10534\"><a href=\"https:\/\/www.carglorieux.be\/fr\/c-a-r-glorieux\/algemene-ontwikkelingsvertraging\/\">Retards g\u00e9n\u00e9raux de d\u00e9veloppement<\/a><\/li>\n\t<li class=\"page_item page-item-9617\"><a href=\"https:\/\/www.carglorieux.be\/fr\/c-a-r-glorieux\/autismespectrumstoornis\/\">Trouble du spectre autistique (TSA)<\/a><\/li>\n\t<li class=\"page_item page-item-9627\"><a href=\"https:\/\/www.carglorieux.be\/fr\/c-a-r-glorieux\/hyperkinetische-stoornis-adhd-2\/\">Troubles de l&rsquo;attention et hyperactivit\u00e9 (TDAH)<\/a><\/li>\n<\/ul>\n<\/li>\n<li class=\"page_item page-item-10571\"><a href=\"https:\/\/www.carglorieux.be\/fr\/conditions-dutilisation\/\">Conditions d&rsquo;utilisation<\/a><\/li>\n<li class=\"page_item page-item-10543 page_item_has_children\"><a href=\"https:\/\/www.carglorieux.be\/fr\/contact\/\">Contact<\/a>\n<ul class='children'>\n\t<li class=\"page_item page-item-10550\"><a href=\"https:\/\/www.carglorieux.be\/fr\/contact\/autre-question\/\">Autre question?<\/a><\/li>\n\t<li class=\"page_item page-item-10558\"><a href=\"https:\/\/www.carglorieux.be\/fr\/contact\/equipe\/\">\u00c9quipe<\/a><\/li>\n\t<li class=\"page_item page-item-10555\"><a href=\"https:\/\/www.carglorieux.be\/fr\/contact\/heures-douverture-et-jours-de-fermeture\/\">Heures d&rsquo;ouverture et jours de fermeture<\/a><\/li>\n\t<li class=\"page_item page-item-10546\"><a href=\"https:\/\/www.carglorieux.be\/fr\/contact\/inscription\/\">Inscription<\/a><\/li>\n\t<li class=\"page_item page-item-10564\"><a href=\"https:\/\/www.carglorieux.be\/fr\/contact\/liste-dattente\/\">Liste d&rsquo;attente<\/a><\/li>\n\t<li class=\"page_item page-item-10553\"><a href=\"https:\/\/www.carglorieux.be\/fr\/contact\/plainte\/\">Plainte<\/a><\/li>\n\t<li class=\"page_item page-item-10560\"><a href=\"https:\/\/www.carglorieux.be\/fr\/contact\/satisfaction-et-suggestion-damelioration\/\">Satisfaction et suggestion d&rsquo;am\u00e9lioration<\/a><\/li>\n\t<li class=\"page_item page-item-10548\"><a href=\"https:\/\/www.carglorieux.be\/fr\/contact\/signaler-une-absence\/\">Signaler une absence<\/a><\/li>\n\t<li class=\"page_item page-item-10562\"><a href=\"https:\/\/www.carglorieux.be\/fr\/contact\/vervoer\/\">Transport<\/a><\/li>\n<\/ul>\n<\/li>\n<li class=\"page_item page-item-10566\"><a href=\"https:\/\/www.carglorieux.be\/fr\/cookie-policy\/\">Cookie Policy<\/a><\/li>\n<li class=\"page_item page-item-10593 current_page_parent\"><a href=\"https:\/\/www.carglorieux.be\/fr\/nouvelles\/\">Nouvelles<\/a><\/li>\n<li class=\"page_item page-item-10527\"><a href=\"https:\/\/www.carglorieux.be\/fr\/page-interieure-avec-sous-menu\/\">Page int\u00e9rieure avec sous-menu<\/a><\/li>\n<li class=\"page_item page-item-10529\"><a href=\"https:\/\/www.carglorieux.be\/fr\/page-interieure-avec-sous-menu-et-formulaire\/\">Page int\u00e9rieure avec sous-menu et formulaire<\/a><\/li>\n<li class=\"page_item page-item-10606\"><a href=\"https:\/\/www.carglorieux.be\/fr\/privacy-policy\/\">Privacy Policy<\/a><\/li>\n<li class=\"page_item page-item-10576 page_item_has_children\"><a href=\"https:\/\/www.carglorieux.be\/fr\/service-de-logopedie\/\">Service de logop\u00e9die<\/a>\n<ul class='children'>\n\t<li class=\"page_item page-item-10591\"><a href=\"https:\/\/www.carglorieux.be\/fr\/service-de-logopedie\/cours-de-dactylo\/\">Cours de dactylo<\/a><\/li>\n\t<li class=\"page_item page-item-10578\"><a href=\"https:\/\/www.carglorieux.be\/fr\/service-de-logopedie\/habitudes-buccales-aberrantes\/\">Habitudes buccales aberrantes<\/a><\/li>\n\t<li class=\"page_item page-item-10583\"><a href=\"https:\/\/www.carglorieux.be\/fr\/service-de-logopedie\/trouble-dapprentissage-avec-demande-de-reattestation\/\">Trouble d&rsquo;apprentissage avec demande de (r\u00e9)attestation<\/a><\/li>\n\t<li class=\"page_item page-item-10581\"><a href=\"https:\/\/www.carglorieux.be\/fr\/service-de-logopedie\/trouble-de-lapprentissage\/\">Trouble de l&rsquo;apprentissage<\/a><\/li>\n\t<li class=\"page_item page-item-10585\"><a href=\"https:\/\/www.carglorieux.be\/fr\/service-de-logopedie\/trouble-de-la-parole-et-de-larticulation\/\">Trouble de la parole et de l&rsquo;articulation<\/a><\/li>\n\t<li class=\"page_item page-item-10587\"><a href=\"https:\/\/www.carglorieux.be\/fr\/service-de-logopedie\/trouble-de-la-voix\/\">Trouble de la voix<\/a><\/li>\n\t<li class=\"page_item page-item-10589\"><a href=\"https:\/\/www.carglorieux.be\/fr\/service-de-logopedie\/trouble-du-developpement-du-langage\/\">Trouble du d\u00e9veloppement du langage<\/a><\/li>\n<\/ul>\n<\/li>\n<\/ul>\n<h2 class=\"wsp-posts-title\">Articles par cat\u00e9gorie<\/h2>\n<ul class=\"wsp-posts-list\">\n\t<li><strong class=\"wsp-category-title\">Cat\u00e9gorie\u00a0: <a href=\"https:\/\/www.carglorieux.be\/fr\/actualites\/non-classifiee\/\">Non classifi\u00e9(e)<\/a><\/strong>\n<ul class=\"wsp-posts-list\">\t\t<li class=\"wsp-post\"><a href=\"https:\/\/www.carglorieux.be\/fr\/actualites\/non-classifiee\/bulletin-dinformation-car-glorieux-septembre-2023\/\">Bulletin d\u2019information CAR Glorieux Septembre 2023<\/a><\/li>\n<\/ul><\/li>\n<\/ul>\n<h2 class=\"wsp-persons-title\">Personnes<\/h2>\n<ul class=\"wsp-persons-list\">\n<li><a href=\"https:\/\/www.carglorieux.be\/fr\/offre-medicale\/personnes\/claudy-sempels\/\">Claudy Sempels<\/a><\/li>\n<li><a href=\"https:\/\/www.carglorieux.be\/fr\/offre-medicale\/personnes\/turia-ghailan\/\">Turia Ghailan<\/a><\/li>\n<li><a href=\"https:\/\/www.carglorieux.be\/fr\/offre-medicale\/personnes\/nathalie-wattier\/\">Nathalie Wattier<\/a><\/li>\n<\/ul>\n<h2 class=\"wsp-faqs-title\">FAQ<\/h2>\n<ul class=\"wsp-faqs-list\">\n<li><a href=\"https:\/\/www.carglorieux.be\/fr\/visiteurs\/faq\/prise-de-sang\/ou-poser-des-questions-sur-la-fertilite\/\">O\u00f9 poser des questions sur la fertilit\u00e9 ?<\/a><\/li>\n<li><a href=\"https:\/\/www.carglorieux.be\/fr\/visiteurs\/faq\/prise-de-sang\/ai-je-besoin-dune-demande-pour-un-test-covid-19\/\">Ai-je besoin d\u2019une demande pour un test Covid-19 ?<\/a><\/li>\n<li><a href=\"https:\/\/www.carglorieux.be\/fr\/visiteurs\/faq\/prise-de-sang\/comment-et-quand-vais-je-recevoir-les-resultats-de-la-prise-de-sang\/\">Comment et quand vais-je recevoir les r\u00e9sultats de la prise de sang ?<\/a><\/li>\n<li><a href=\"https:\/\/www.carglorieux.be\/fr\/visiteurs\/faq\/prise-de-sang\/quand-vais-je-recevoir-ma-carte-de-groupe-sanguin\/\">Quand vais-je recevoir ma carte de groupe sanguin ?<\/a><\/li>\n<li><a href=\"https:\/\/www.carglorieux.be\/fr\/visiteurs\/faq\/prise-de-sang\/dpni-quel-delai-avant-dobtenir-les-resultats\/\">DPNI : quel d\u00e9lai avant d\u2019obtenir les r\u00e9sultats ?<\/a><\/li>\n<li><a href=\"https:\/\/www.carglorieux.be\/fr\/visiteurs\/faq\/prise-de-sang\/dois-je-etre-a-jeun-pour-une-prise-de-sang\/\">Dois-je \u00eatre \u00e0 jeun pour une prise de sang ?<\/a><\/li>\n<li><a href=\"https:\/\/www.carglorieux.be\/fr\/visiteurs\/faq\/dois-je-prendre-rendez-vous-pour-une-prise-de-sang\/\">Dois-je prendre rendez-vous pour une prise de sang ?<\/a><\/li>\n<li><a href=\"https:\/\/www.carglorieux.be\/fr\/visiteurs\/faq\/general-fr\/photographies-videos-et-enregistrements-sonores-par-les-patients-ou-les-visiteurs-du-ch-glorieux\/\">Photographies, vid\u00e9os et enregistrements sonores par les patients ou les visiteurs du ch Glorieux<\/a><\/li>\n<li><a href=\"https:\/\/www.carglorieux.be\/fr\/visiteurs\/faq\/grossesse-et-accouchement\/quand-dois-je-prevoir-mon-premier-rendez-vous-avec-le-gynecologue\/\">Quand dois-je pr\u00e9voir mon premier rendez-vous avec le gyn\u00e9cologue ?<\/a><\/li>\n<li><a href=\"https:\/\/www.carglorieux.be\/fr\/visiteurs\/faq\/grossesse-et-accouchement\/mon-bebe-ne-bouge-pas-beaucoup-que-dois-je-faire\/\">Mon b\u00e9b\u00e9 ne bouge pas beaucoup. Que dois-je faire ?<\/a><\/li>\n<li><a href=\"https:\/\/www.carglorieux.be\/fr\/visiteurs\/faq\/grossesse-et-accouchement\/jusqua-quand-puis-je-voyager-en-avion-pendant-ma-grossesse\/\">Jusqu\u2019\u00e0 quand puis-je voyager en avion pendant ma grossesse ?<\/a><\/li>\n<li><a href=\"https:\/\/www.carglorieux.be\/fr\/visiteurs\/faq\/grossesse-et-accouchement\/que-puis-je-manger-et-ne-pas-manger-pendant-ma-grossesse\/\">Que puis-je manger et ne pas manger pendant ma grossesse ?<\/a><\/li>\n<li><a href=\"https:\/\/www.carglorieux.be\/fr\/visiteurs\/faq\/grossesse-et-accouchement\/puis-je-encore-caresser-mon-chat-si-je-suis-enceinte-mais-que-je-ne-suis-pas-immunisee-contre-la-toxoplasmose\/\">Puis-je encore caresser mon chat si je suis enceinte, mais que je ne suis pas immunis\u00e9e contre la toxoplasmose ?<\/a><\/li>\n<li><a href=\"https:\/\/www.carglorieux.be\/fr\/visiteurs\/faq\/grossesse-et-accouchement\/est-ce-que-je-peux-faire-du-sport-pendant-ma-grossesse\/\">Est-ce que je peux faire du sport pendant ma grossesse ?<\/a><\/li>\n<li><a href=\"https:\/\/www.carglorieux.be\/fr\/visiteurs\/faq\/grossesse-et-accouchement\/puis-je-aller-au-sauna-quand-je-suis-enceinte\/\">Puis-je aller au sauna quand je suis enceinte\u2009?<\/a><\/li>\n<li><a href=\"https:\/\/www.carglorieux.be\/fr\/visiteurs\/faq\/pediatrie-fr\/que-dois-je-faire-quand-mon-enfant-est-malade-et-ou-a-de-la-fievre\/\">Que dois-je faire quand mon enfant est malade et\/ou a de la fi\u00e8vre\u00a0?<\/a><\/li>\n<li><a href=\"https:\/\/www.carglorieux.be\/fr\/visiteurs\/faq\/pediatrie-fr\/mon-bebe-est-malade-que-faire\/\">Mon b\u00e9b\u00e9 est malade. Que faire\u00a0?<\/a><\/li>\n<li><a href=\"https:\/\/www.carglorieux.be\/fr\/visiteurs\/faq\/pediatrie-fr\/dois-je-faire-vacciner-mon-bebe\/\">Dois-je faire vacciner mon b\u00e9b\u00e9\u00a0?<\/a><\/li>\n<li><a href=\"https:\/\/www.carglorieux.be\/fr\/visiteurs\/faq\/pediatrie-fr\/mon-bebe-peut-il-voyager-dans-des-regions-daltitude\/\">Mon b\u00e9b\u00e9 peut-il voyager dans des r\u00e9gions d\u2019altitude\u00a0?<\/a><\/li>\n<li><a href=\"https:\/\/www.carglorieux.be\/fr\/visiteurs\/faq\/pediatrie-fr\/que-puis-je-faire-si-mon-bebe-pleure-beaucoup\/\">Que puis-je faire si mon b\u00e9b\u00e9 pleure (beaucoup)\u00a0?<\/a><\/li>\n<li><a href=\"https:\/\/www.carglorieux.be\/fr\/visiteurs\/faq\/pediatrie-fr\/puis-je-eviter-la-mort-subite-du-nourrisson\/\">Puis-je \u00e9viter la mort subite du nourrisson\u00a0?<\/a><\/li>\n<li><a href=\"https:\/\/www.carglorieux.be\/fr\/visiteurs\/faq\/pediatrie-fr\/mon-enfant-est-il-immediatement-pris-en-charge-au-service-des-urgences\/\">Mon enfant est-il imm\u00e9diatement pris en charge au service des urgences\u00a0?<\/a><\/li>\n<li><a href=\"https:\/\/www.carglorieux.be\/fr\/visiteurs\/faq\/pediatrie-fr\/quand-dois-je-consulter-le-pediatre-sans-attendre\/\">Quand dois-je consulter le p\u00e9diatre sans attendre\u00a0?<\/a><\/li>\n<li><a href=\"https:\/\/www.carglorieux.be\/fr\/visiteurs\/faq\/pediatrie-fr\/mon-bebe-peut-il-voyager-en-avion\/\">Mon b\u00e9b\u00e9 peut-il voyager en avion\u00a0?<\/a><\/li>\n<li><a href=\"https:\/\/www.carglorieux.be\/fr\/visiteurs\/faq\/pediatrie-fr\/puis-je-aller-me-promener-avec-mon-bebe\/\">Puis-je aller me promener avec mon b\u00e9b\u00e9\u00a0?<\/a><\/li>\n<li><a href=\"https:\/\/www.carglorieux.be\/fr\/visiteurs\/faq\/pediatrie-fr\/puis-je-recevoir-des-visiteurs\/\">Puis-je recevoir des visiteurs\u00a0?<\/a><\/li>\n<li><a href=\"https:\/\/www.carglorieux.be\/fr\/visiteurs\/faq\/pediatrie-fr\/quest-ce-que-le-test-de-guthrie-et-quand-est-il-effectue-sur-mon-bebe\/\">Qu\u2019est-ce que le test de Guthrie et quand est-il effectu\u00e9 sur mon b\u00e9b\u00e9\u00a0?<\/a><\/li>\n<li><a href=\"https:\/\/www.carglorieux.be\/fr\/visiteurs\/faq\/specialites-fr\/medecine-nucleaire-fr\/etiam-elit-enim-scelerisque-et-varius-ac-aliquam-eget-quam-sed-ante-velit-consectetur-at-diam-et-pharetra-pharetra-orci-8\/\">Combien de temps la radioactivit\u00e9 reste-t-elle dans mon organisme\u00a0?<\/a><\/li>\n<li><a href=\"https:\/\/www.carglorieux.be\/fr\/visiteurs\/faq\/specialites-fr\/medecine-nucleaire-fr\/etiam-elit-enim-scelerisque-et-varius-ac-aliquam-eget-quam-sed-ante-velit-consectetur-at-diam-et-pharetra-pharetra-orci-7\/\">Dois-je prendre des pr\u00e9cautions particuli\u00e8res apr\u00e8s l\u2019examen\u00a0? Puis-je exercer des activit\u00e9s normales, aller au travail\u00a0?<\/a><\/li>\n<li><a href=\"https:\/\/www.carglorieux.be\/fr\/visiteurs\/faq\/specialites-fr\/medecine-nucleaire-fr\/etiam-elit-enim-scelerisque-et-varius-ac-aliquam-eget-quam-sed-ante-velit-consectetur-at-diam-et-pharetra-pharetra-orci-6\/\">J\u2019allaite. Dois-je prendre des pr\u00e9cautions sp\u00e9ciales apr\u00e8s l\u2019examen\u00a0?<\/a><\/li>\n<li><a href=\"https:\/\/www.carglorieux.be\/fr\/visiteurs\/faq\/specialites-fr\/medecine-nucleaire-fr\/etiam-elit-enim-scelerisque-et-varius-ac-aliquam-eget-quam-sed-ante-velit-consectetur-at-diam-et-pharetra-pharetra-orci-5\/\">Je suis (peut-\u00eatre) enceinte\u00a0: l\u2019examen peut-il avoir lieu\u00a0?<\/a><\/li>\n<li><a href=\"https:\/\/www.carglorieux.be\/fr\/visiteurs\/faq\/specialites-fr\/medecine-nucleaire-fr\/etiam-elit-enim-scelerisque-et-varius-ac-aliquam-eget-quam-sed-ante-velit-consectetur-at-diam-et-pharetra-pharetra-orci-4\/\">Dois-je m\u2019attendre \u00e0 ressentir des effets secondaires ou \u00e0 faire une r\u00e9action allergique\u00a0?<\/a><\/li>\n<li><a href=\"https:\/\/www.carglorieux.be\/fr\/visiteurs\/faq\/specialites-fr\/medecine-nucleaire-fr\/etiam-elit-enim-scelerisque-et-varius-ac-aliquam-eget-quam-sed-ante-velit-consectetur-at-diam-et-pharetra-pharetra-orci-3\/\">Dois-je \u00eatre \u00e0 jeun pour cet examen ou \u00e9viter certains m\u00e9dicaments\u00a0?<\/a><\/li>\n<li><a href=\"https:\/\/www.carglorieux.be\/fr\/visiteurs\/faq\/specialites-fr\/medecine-nucleaire-fr\/etiam-elit-enim-scelerisque-et-varius-ac-aliquam-eget-quam-sed-ante-velit-consectetur-at-diam-et-pharetra-pharetra-orci-2\/\">Puis-je tomber enceinte apr\u00e8s cet examen\u00a0?<\/a><\/li>\n<li><a href=\"https:\/\/www.carglorieux.be\/fr\/visiteurs\/faq\/specialites-fr\/medecine-nucleaire-fr\/etiam-elit-enim-scelerisque-et-varius-ac-aliquam-eget-quam-sed-ante-velit-consectetur-at-diam-et-pharetra-pharetra-orci\/\">La mati\u00e8re radioactive utilis\u00e9e est-elle dangereuse\u00a0?<\/a><\/li>\n<\/ul>\n<h2 class=\"wsp-brochures-title\">Brochures<\/h2>\n<ul class=\"wsp-brochures-list\">\n<li><a href=\"https:\/\/www.carglorieux.be\/fr\/infobrochures\/inscription-questionnaire-parents\/\">Inscription questionnaire parents<\/a><\/li>\n<li><a href=\"https:\/\/www.carglorieux.be\/fr\/infobrochures\/brochure-de-bienvenue\/\">Brochure de bienvenue<\/a><\/li>\n<li><a href=\"https:\/\/www.carglorieux.be\/fr\/infobrochures\/accord-au-debut-de-lexamen-multidisciplinaire\/\">Accord: Au d\u00e9but de l\u2019examen multidisciplinaire<\/a><\/li>\n<li><a href=\"https:\/\/www.carglorieux.be\/fr\/infobrochures\/accord-au-debut-de-la-readaptation-multidisciplinaire\/\">Accord: Au d\u00e9but de la r\u00e9adaptation multidisciplinaire<\/a><\/li>\n<li><a href=\"https:\/\/www.carglorieux.be\/fr\/infobrochures\/fiche-dinformation-medicale\/\">Fiche d'information m\u00e9dicale<\/a><\/li>\n<li><a href=\"https:\/\/www.carglorieux.be\/fr\/infobrochures\/consentement-eclaire-visioconference\/\">Consentement \u00e9clair\u00e9 visioconf\u00e9rence<\/a><\/li>\n<li><a href=\"https:\/\/www.carglorieux.be\/fr\/infobrochures\/10843-2\/\">Conditions particuli\u00e8res de r\u00e9tractation<\/a><\/li>\n<li><a href=\"https:\/\/www.carglorieux.be\/fr\/infobrochures\/10842-2\/\">D\u00e9claration de consentement - \u00e9change et utilisation des donn\u00e9es<\/a><\/li>\n<li><a href=\"https:\/\/www.carglorieux.be\/fr\/infobrochures\/questionnaire-de-satisfaction-phase-dexamens\/\">Questionnaire de satisfaction: Phase d'examens<\/a><\/li>\n<li><a href=\"https:\/\/www.carglorieux.be\/fr\/infobrochures\/questionnaire-de-satisfaction-phase-therapie\/\">Questionnaire de satisfaction: phase th\u00e9rapie<\/a><\/li>\n<\/ul>\n<h2 class=\"wsp-activitys-title\">Calendrier<\/h2>\n<ul class=\"wsp-activitys-list\">\n<li><a href=\"https:\/\/www.carglorieux.be\/fr\/calendrier\/8472-2\/\"><\/a><\/li>\n<li><a href=\"https:\/\/www.carglorieux.be\/fr\/calendrier\/symposium-nouvelle-polyclinique-oro-maxillo-faciale\/\">Symposium nouvelle polyclinique oro-maxillo-faciale<\/a><\/li>\n<li><a href=\"https:\/\/www.carglorieux.be\/fr\/calendrier\/du-diagnostic-a-la-revalidation-analyse-du-nouveau-flux-de-soins-du-cancer-du-sein\/\">Du diagnostic \u00e0 la revalidation :  analyse du nouveau flux de soins du cancer du sein<\/a><\/li>\n<li><a href=\"https:\/\/www.carglorieux.be\/fr\/calendrier\/journee-contre-le-cancer\/\">Journ\u00e9e contre le cancer<\/a><\/li>\n<li><a href=\"https:\/\/www.carglorieux.be\/fr\/calendrier\/baby-more\/\">Baby &amp; More<\/a><\/li>\n<\/ul>\n<h2 class=\"wsp-faq_cats-title\">FAQ Categories<\/h2>\n<ul class=\"wsp-faq_cats-list\">\n<li><a href=\"https:\/\/www.carglorieux.be\/fr\/visiteurs\/faq\/general-fr\/\">G\u00e9n\u00e9ral<\/a><\/li>\n<li><a href=\"https:\/\/www.carglorieux.be\/fr\/visiteurs\/faq\/grossesse-et-accouchement\/\">Grossesse et accouchement<\/a><\/li>\n<li><a href=\"https:\/\/www.carglorieux.be\/fr\/visiteurs\/faq\/specialites-fr\/medecine-nucleaire-fr\/\">M\u00e9decine nucl\u00e9aire<\/a><\/li>\n<li><a href=\"https:\/\/www.carglorieux.be\/fr\/visiteurs\/faq\/patients-fr\/\">Pati\u00ebnts<\/a><\/li>\n<li><a href=\"https:\/\/www.carglorieux.be\/fr\/visiteurs\/faq\/pediatrie-fr\/\">P\u00e9diatrie<\/a><\/li>\n<li><a href=\"https:\/\/www.carglorieux.be\/fr\/visiteurs\/faq\/prise-de-sang\/\">Prise de sang<\/a><\/li>\n<li><a href=\"https:\/\/www.carglorieux.be\/fr\/visiteurs\/faq\/professionnels-fr\/\">Professionnels<\/a><\/li>\n<li><a href=\"https:\/\/www.carglorieux.be\/fr\/visiteurs\/faq\/specialites-fr\/\">Sp\u00e9cialit\u00e9s<\/a><\/li>\n<li><a href=\"https:\/\/www.carglorieux.be\/fr\/visiteurs\/faq\/visiteurs-fr\/\">Visiteurs<\/a><\/li>\n<\/ul>\n<\/div>\n","protected":false},"excerpt":{"rendered":"","protected":false},"author":1,"featured_media":0,"parent":0,"menu_order":0,"comment_status":"closed","ping_status":"closed","template":"templates\/without-sidebar-page.php","meta":{"_acf_changed":false,"_relevanssi_hide_post":"","_relevanssi_hide_content":"","_relevanssi_pin_for_all":"","_relevanssi_pin_keywords":"","_relevanssi_unpin_keywords":"","_relevanssi_related_keywords":"","_relevanssi_related_include_ids":"","_relevanssi_related_exclude_ids":"","_relevanssi_related_no_append":"","_relevanssi_related_not_related":"","_relevanssi_related_posts":"","_relevanssi_noindex_reason":"","inline_featured_image":false,"footnotes":"","_links_to":"","_links_to_target":""},"class_list":["post-10609","page","type-page","status-publish","hentry"],"acf":[],"yoast_head":"<!-- This site is optimized with the Yoast SEO plugin v27.0 - https:\/\/yoast.com\/product\/yoast-seo-wordpress\/ -->\n<title>Plan du site - C.A.R. Glorieux<\/title>\n<meta name=\"robots\" content=\"index, follow, max-snippet:-1, max-image-preview:large, max-video-preview:-1\" \/>\n<meta property=\"og:locale\" content=\"fr_FR\" \/>\n<meta property=\"og:type\" content=\"article\" \/>\n<meta property=\"og:title\" content=\"Plan du site - C.A.R. Glorieux\" \/>\n<meta property=\"og:url\" content=\"https:\/\/www.carglorieux.be\/fr\/plan-du-site\/\" \/>\n<meta property=\"og:site_name\" content=\"C.A.R. Glorieux\" \/>\n<meta property=\"article:publisher\" content=\"https:\/\/www.facebook.com\/profile.php?id=100087157230213\" \/>\n<meta name=\"twitter:card\" content=\"summary_large_image\" \/>\n<!-- \/ Yoast SEO plugin. -->","yoast_head_json":{"title":"Plan du site - C.A.R. Glorieux","robots":{"index":"index","follow":"follow","max-snippet":"max-snippet:-1","max-image-preview":"max-image-preview:large","max-video-preview":"max-video-preview:-1"},"og_locale":"fr_FR","og_type":"article","og_title":"Plan du site - C.A.R. Glorieux","og_url":"https:\/\/www.carglorieux.be\/fr\/plan-du-site\/","og_site_name":"C.A.R. Glorieux","article_publisher":"https:\/\/www.facebook.com\/profile.php?id=100087157230213","twitter_card":"summary_large_image","schema":{"@context":"https:\/\/schema.org","@graph":[{"@type":"WebPage","@id":"https:\/\/www.carglorieux.be\/fr\/plan-du-site\/","url":"https:\/\/www.carglorieux.be\/fr\/plan-du-site\/","name":"Plan du site - C.A.R. Glorieux","isPartOf":{"@id":"https:\/\/www.carglorieux.be\/fr\/#website"},"datePublished":"2023-02-09T14:52:06+00:00","breadcrumb":{"@id":"https:\/\/www.carglorieux.be\/fr\/plan-du-site\/#breadcrumb"},"inLanguage":"fr-FR","potentialAction":[{"@type":"ReadAction","target":["https:\/\/www.carglorieux.be\/fr\/plan-du-site\/"]}]},{"@type":"BreadcrumbList","@id":"https:\/\/www.carglorieux.be\/fr\/plan-du-site\/#breadcrumb","itemListElement":[{"@type":"ListItem","position":1,"name":"Home","item":"https:\/\/www.carglorieux.be\/fr\/"},{"@type":"ListItem","position":2,"name":"Plan du site"}]},{"@type":"WebSite","@id":"https:\/\/www.carglorieux.be\/fr\/#website","url":"https:\/\/www.carglorieux.be\/fr\/","name":"Car Glorieux","description":"","publisher":{"@id":"https:\/\/www.carglorieux.be\/fr\/#organization"},"alternateName":"Het Centrum voor Ambulante Revalidatie (C.A.R.) Glorieux","potentialAction":[{"@type":"SearchAction","target":{"@type":"EntryPoint","urlTemplate":"https:\/\/www.carglorieux.be\/fr\/?s={search_term_string}"},"query-input":{"@type":"PropertyValueSpecification","valueRequired":true,"valueName":"search_term_string"}}],"inLanguage":"fr-FR"},{"@type":"Organization","@id":"https:\/\/www.carglorieux.be\/fr\/#organization","name":"Car Glorieux","alternateName":"Het Centrum voor Ambulante Revalidatie (C.A.R.) Glorieux","url":"https:\/\/www.carglorieux.be\/fr\/","logo":{"@type":"ImageObject","inLanguage":"fr-FR","@id":"https:\/\/www.carglorieux.be\/fr\/#\/schema\/logo\/image\/","url":"https:\/\/www.carglorieux.be\/wp-content\/uploads\/2022\/11\/logo-afbeelding.png","contentUrl":"https:\/\/www.carglorieux.be\/wp-content\/uploads\/2022\/11\/logo-afbeelding.png","width":1537,"height":350,"caption":"Car Glorieux"},"image":{"@id":"https:\/\/www.carglorieux.be\/fr\/#\/schema\/logo\/image\/"},"sameAs":["https:\/\/www.facebook.com\/profile.php?id=100087157230213","https:\/\/www.facebook.com\/NOK.logopedischedienst"]}]}},"_links":{"self":[{"href":"https:\/\/www.carglorieux.be\/fr\/wp-json\/wp\/v2\/pages\/10609","targetHints":{"allow":["GET"]}}],"collection":[{"href":"https:\/\/www.carglorieux.be\/fr\/wp-json\/wp\/v2\/pages"}],"about":[{"href":"https:\/\/www.carglorieux.be\/fr\/wp-json\/wp\/v2\/types\/page"}],"author":[{"embeddable":true,"href":"https:\/\/www.carglorieux.be\/fr\/wp-json\/wp\/v2\/users\/1"}],"replies":[{"embeddable":true,"href":"https:\/\/www.carglorieux.be\/fr\/wp-json\/wp\/v2\/comments?post=10609"}],"version-history":[{"count":1,"href":"https:\/\/www.carglorieux.be\/fr\/wp-json\/wp\/v2\/pages\/10609\/revisions"}],"predecessor-version":[{"id":10610,"href":"https:\/\/www.carglorieux.be\/fr\/wp-json\/wp\/v2\/pages\/10609\/revisions\/10610"}],"wp:attachment":[{"href":"https:\/\/www.carglorieux.be\/fr\/wp-json\/wp\/v2\/media?parent=10609"}],"curies":[{"name":"wp","href":"https:\/\/api.w.org\/{rel}","templated":true}]}}