{"id":10520,"date":"2023-02-09T14:50:08","date_gmt":"2023-02-09T12:50:08","guid":{"rendered":"https:\/\/www.carglorieux.be\/?page_id=10520"},"modified":"2023-07-06T09:45:11","modified_gmt":"2023-07-06T07:45:11","slug":"bedankt-aanmelden","status":"publish","type":"page","link":"https:\/\/www.carglorieux.be\/fr\/bedankt-aanmelden\/","title":{"rendered":"Bedankt aanmelden"},"content":{"rendered":"<h3>Merci pour votre inscription<\/h3>\n<p>Vous recevrez rapidement une confirmation par e-mail.<\/p>\n<p>Si vous avez des questions, veuillez vous r\u00e9f\u00e9rer \u00e0 notre site web o\u00f9 vous trouverez de nombreuses informations sur le CAR Glorieux et notre fonctionnement. Vous pouvez aussi toujours nous contacter par e-mail nok@werken-glorieux.be ou par t\u00e9l\u00e9phone au <strong>055\/23 34 40.<\/strong><\/p>\n<h3>Bedankt voor uw aanmelding<\/h3>\n<p>U ontvangt binnenkort een bevestiging via e-mail.<\/p>\n<p>Mocht u nog vragen hebben, verwijzen we graag naar onze website waar u veel informatie over het CAR Glorieux en onze werking kan terugvinden. U kan ook steeds contact opnemen via e-mail nok@werken-glorieux.be of telefoon <strong>055\/23 34 40.<\/strong><\/p>\n","protected":false},"excerpt":{"rendered":"<p>Merci pour votre inscription Vous recevrez rapidement une confirmation par e-mail. Si vous avez des questions, veuillez vous r\u00e9f\u00e9rer \u00e0&#8230;<\/p>\n","protected":false},"author":1,"featured_media":10363,"parent":0,"menu_order":0,"comment_status":"closed","ping_status":"closed","template":"templates\/without-sidebar-page.php","meta":{"_acf_changed":false,"_relevanssi_hide_post":"","_relevanssi_hide_content":"","_relevanssi_pin_for_all":"","_relevanssi_pin_keywords":"","_relevanssi_unpin_keywords":"","_relevanssi_related_keywords":"","_relevanssi_related_include_ids":"","_relevanssi_related_exclude_ids":"","_relevanssi_related_no_append":"","_relevanssi_related_not_related":"","_relevanssi_related_posts":"","_relevanssi_noindex_reason":"Yoast SEO Relevanssi index exclude","inline_featured_image":false,"footnotes":"","_links_to":"","_links_to_target":""},"class_list":["post-10520","page","type-page","status-publish","has-post-thumbnail","hentry"],"acf":[],"yoast_head":"<!-- This site is optimized with the Yoast SEO plugin v27.0 - https:\/\/yoast.com\/product\/yoast-seo-wordpress\/ -->\n<title>Bedankt aanmelden - C.A.R. Glorieux<\/title>\n<meta name=\"robots\" content=\"noindex, nofollow\" \/>\n<meta property=\"og:locale\" content=\"fr_FR\" \/>\n<meta property=\"og:type\" content=\"article\" \/>\n<meta property=\"og:title\" content=\"Bedankt aanmelden - C.A.R. Glorieux\" \/>\n<meta property=\"og:description\" content=\"Merci pour votre inscription Vous recevrez rapidement une confirmation par e-mail. Si vous avez des questions, veuillez vous r\u00e9f\u00e9rer \u00e0...\" \/>\n<meta property=\"og:url\" content=\"https:\/\/www.carglorieux.be\/fr\/bedankt-aanmelden\/\" \/>\n<meta property=\"og:site_name\" content=\"C.A.R. Glorieux\" \/>\n<meta property=\"article:publisher\" content=\"https:\/\/www.facebook.com\/profile.php?id=100087157230213\" \/>\n<meta property=\"article:modified_time\" content=\"2023-07-06T07:45:11+00:00\" \/>\n<meta property=\"og:image\" content=\"https:\/\/www.carglorieux.be\/wp-content\/uploads\/2023\/01\/thanks-1804597_1920.jpg\" \/>\n\t<meta property=\"og:image:width\" content=\"1920\" \/>\n\t<meta property=\"og:image:height\" content=\"1284\" \/>\n\t<meta property=\"og:image:type\" content=\"image\/jpeg\" \/>\n<meta name=\"twitter:card\" content=\"summary_large_image\" \/>\n<meta name=\"twitter:label1\" content=\"Dur\u00e9e de lecture estim\u00e9e\" \/>\n\t<meta name=\"twitter:data1\" content=\"1 minute\" \/>\n<!-- \/ Yoast SEO plugin. -->","yoast_head_json":{"title":"Bedankt aanmelden - C.A.R. Glorieux","robots":{"index":"noindex","follow":"nofollow"},"og_locale":"fr_FR","og_type":"article","og_title":"Bedankt aanmelden - C.A.R. Glorieux","og_description":"Merci pour votre inscription Vous recevrez rapidement une confirmation par e-mail. Si vous avez des questions, veuillez vous r\u00e9f\u00e9rer \u00e0...","og_url":"https:\/\/www.carglorieux.be\/fr\/bedankt-aanmelden\/","og_site_name":"C.A.R. Glorieux","article_publisher":"https:\/\/www.facebook.com\/profile.php?id=100087157230213","article_modified_time":"2023-07-06T07:45:11+00:00","og_image":[{"width":1920,"height":1284,"url":"https:\/\/www.carglorieux.be\/wp-content\/uploads\/2023\/01\/thanks-1804597_1920.jpg","type":"image\/jpeg"}],"twitter_card":"summary_large_image","twitter_misc":{"Dur\u00e9e de lecture estim\u00e9e":"1 minute"},"schema":{"@context":"https:\/\/schema.org","@graph":[{"@type":"WebPage","@id":"https:\/\/www.carglorieux.be\/fr\/bedankt-aanmelden\/","url":"https:\/\/www.carglorieux.be\/fr\/bedankt-aanmelden\/","name":"Bedankt aanmelden - C.A.R. Glorieux","isPartOf":{"@id":"https:\/\/www.carglorieux.be\/fr\/#website"},"primaryImageOfPage":{"@id":"https:\/\/www.carglorieux.be\/fr\/bedankt-aanmelden\/#primaryimage"},"image":{"@id":"https:\/\/www.carglorieux.be\/fr\/bedankt-aanmelden\/#primaryimage"},"thumbnailUrl":"https:\/\/www.carglorieux.be\/wp-content\/uploads\/2023\/01\/thanks-1804597_1920.jpg","datePublished":"2023-02-09T12:50:08+00:00","dateModified":"2023-07-06T07:45:11+00:00","breadcrumb":{"@id":"https:\/\/www.carglorieux.be\/fr\/bedankt-aanmelden\/#breadcrumb"},"inLanguage":"fr-FR","potentialAction":[{"@type":"ReadAction","target":["https:\/\/www.carglorieux.be\/fr\/bedankt-aanmelden\/"]}]},{"@type":"ImageObject","inLanguage":"fr-FR","@id":"https:\/\/www.carglorieux.be\/fr\/bedankt-aanmelden\/#primaryimage","url":"https:\/\/www.carglorieux.be\/wp-content\/uploads\/2023\/01\/thanks-1804597_1920.jpg","contentUrl":"https:\/\/www.carglorieux.be\/wp-content\/uploads\/2023\/01\/thanks-1804597_1920.jpg","width":1920,"height":1284},{"@type":"BreadcrumbList","@id":"https:\/\/www.carglorieux.be\/fr\/bedankt-aanmelden\/#breadcrumb","itemListElement":[{"@type":"ListItem","position":1,"name":"Home","item":"https:\/\/www.carglorieux.be\/fr\/"},{"@type":"ListItem","position":2,"name":"Bedankt aanmelden"}]},{"@type":"WebSite","@id":"https:\/\/www.carglorieux.be\/fr\/#website","url":"https:\/\/www.carglorieux.be\/fr\/","name":"Car Glorieux","description":"","publisher":{"@id":"https:\/\/www.carglorieux.be\/fr\/#organization"},"alternateName":"Het Centrum voor Ambulante Revalidatie (C.A.R.) Glorieux","potentialAction":[{"@type":"SearchAction","target":{"@type":"EntryPoint","urlTemplate":"https:\/\/www.carglorieux.be\/fr\/?s={search_term_string}"},"query-input":{"@type":"PropertyValueSpecification","valueRequired":true,"valueName":"search_term_string"}}],"inLanguage":"fr-FR"},{"@type":"Organization","@id":"https:\/\/www.carglorieux.be\/fr\/#organization","name":"Car Glorieux","alternateName":"Het Centrum voor Ambulante Revalidatie (C.A.R.) Glorieux","url":"https:\/\/www.carglorieux.be\/fr\/","logo":{"@type":"ImageObject","inLanguage":"fr-FR","@id":"https:\/\/www.carglorieux.be\/fr\/#\/schema\/logo\/image\/","url":"https:\/\/www.carglorieux.be\/wp-content\/uploads\/2022\/11\/logo-afbeelding.png","contentUrl":"https:\/\/www.carglorieux.be\/wp-content\/uploads\/2022\/11\/logo-afbeelding.png","width":1537,"height":350,"caption":"Car Glorieux"},"image":{"@id":"https:\/\/www.carglorieux.be\/fr\/#\/schema\/logo\/image\/"},"sameAs":["https:\/\/www.facebook.com\/profile.php?id=100087157230213","https:\/\/www.facebook.com\/NOK.logopedischedienst"]}]}},"_links":{"self":[{"href":"https:\/\/www.carglorieux.be\/fr\/wp-json\/wp\/v2\/pages\/10520","targetHints":{"allow":["GET"]}}],"collection":[{"href":"https:\/\/www.carglorieux.be\/fr\/wp-json\/wp\/v2\/pages"}],"about":[{"href":"https:\/\/www.carglorieux.be\/fr\/wp-json\/wp\/v2\/types\/page"}],"author":[{"embeddable":true,"href":"https:\/\/www.carglorieux.be\/fr\/wp-json\/wp\/v2\/users\/1"}],"replies":[{"embeddable":true,"href":"https:\/\/www.carglorieux.be\/fr\/wp-json\/wp\/v2\/comments?post=10520"}],"version-history":[{"count":3,"href":"https:\/\/www.carglorieux.be\/fr\/wp-json\/wp\/v2\/pages\/10520\/revisions"}],"predecessor-version":[{"id":10759,"href":"https:\/\/www.carglorieux.be\/fr\/wp-json\/wp\/v2\/pages\/10520\/revisions\/10759"}],"wp:featuredmedia":[{"embeddable":true,"href":"https:\/\/www.carglorieux.be\/fr\/wp-json\/wp\/v2\/media\/10363"}],"wp:attachment":[{"href":"https:\/\/www.carglorieux.be\/fr\/wp-json\/wp\/v2\/media?parent=10520"}],"curies":[{"name":"wp","href":"https:\/\/api.w.org\/{rel}","templated":true}]}}